{"id":963,"date":"2022-02-14T11:29:21","date_gmt":"2022-02-14T11:29:21","guid":{"rendered":"https:\/\/excavacionsraimon.com\/serveis\/"},"modified":"2022-06-01T18:04:29","modified_gmt":"2022-06-01T18:04:29","slug":"servicios","status":"publish","type":"page","link":"https:\/\/excavacionsraimon.com\/es\/servicios\/","title":{"rendered":"Servicios"},"content":{"rendered":"\n[et_pb_section fb_built=\u00bb1&#8243; _builder_version=\u00bb4.16&#8243; _module_preset=\u00bbdefault\u00bb background_image=\u00bbhttps:\/\/excavacionsraimon.com\/wp-content\/uploads\/2022\/02\/excavacions.png\u00bb parallax=\u00bbon\u00bb parallax_method=\u00bboff\u00bb custom_padding=\u00bb||149px|||\u00bb global_colors_info=\u00bb{}\u00bb][et_pb_row _builder_version=\u00bb4.16&#8243; _module_preset=\u00bbdefault\u00bb global_colors_info=\u00bb{}\u00bb][et_pb_column type=\u00bb4_4&#8243; _builder_version=\u00bb4.16&#8243; _module_preset=\u00bbdefault\u00bb global_colors_info=\u00bb{}\u00bb][et_pb_text _builder_version=\u00bb4.16&#8243; _module_preset=\u00bbdefault\u00bb text_font=\u00bb|700|||||||\u00bb text_text_color=\u00bb#d1651a\u00bb text_font_size=\u00bb24px\u00bb custom_margin=\u00bb||5px||false|false\u00bb global_colors_info=\u00bb{}\u00bb]<p>Excavacions Raimon<\/p>[\/et_pb_text][et_pb_text module_class=\u00bbh1_home\u00bb _builder_version=\u00bb4.17.4&#8243; _module_preset=\u00bbdefault\u00bb header_font=\u00bbWork Sans|800||on|||||\u00bb header_text_color=\u00bb#002d62&#8243; header_font_size=\u00bb33px\u00bb custom_margin=\u00bb||0px||false|false\u00bb header_font_size_tablet=\u00bb64px\u00bb header_font_size_phone=\u00bb48px\u00bb header_font_size_last_edited=\u00bbon|tablet\u00bb global_colors_info=\u00bb{}\u00bb]<h1>Servicios<\/h1>[\/et_pb_text][\/et_pb_column][\/et_pb_row][\/et_pb_section][et_pb_section fb_built=\u00bb1&#8243; _builder_version=\u00bb4.16&#8243; _module_preset=\u00bbdefault\u00bb global_colors_info=\u00bb{}\u00bb][et_pb_row column_structure=\u00bb2_5,3_5&#8243; _builder_version=\u00bb4.16&#8243; _module_preset=\u00bbdefault\u00bb border_width_bottom=\u00bb1px\u00bb border_color_bottom=\u00bb#eaeaea\u00bb global_colors_info=\u00bb{}\u00bb][et_pb_column type=\u00bb2_5&#8243; _builder_version=\u00bb4.16&#8243; _module_preset=\u00bbdefault\u00bb global_colors_info=\u00bb{}\u00bb][et_pb_image src=\u00bbhttps:\/\/excavacionsraimon.com\/wp-content\/uploads\/2022\/02\/2.png\u00bb title_text=\u00bb2&#8243; align=\u00bbcenter\u00bb _builder_version=\u00bb4.16&#8243; _module_preset=\u00bbdefault\u00bb global_colors_info=\u00bb{}\u00bb][\/et_pb_image][\/et_pb_column][et_pb_column type=\u00bb3_5&#8243; _builder_version=\u00bb4.16&#8243; _module_preset=\u00bbdefault\u00bb custom_padding=\u00bb50px||||false|false\u00bb custom_padding_tablet=\u00bb25px||||false|false\u00bb custom_padding_phone=\u00bb25px||||false|false\u00bb custom_padding_last_edited=\u00bbon|tablet\u00bb global_colors_info=\u00bb{}\u00bb][et_pb_text _builder_version=\u00bb4.17.4&#8243; _module_preset=\u00bbdefault\u00bb text_font_size=\u00bb21px\u00bb header_2_font=\u00bb|700|||||||\u00bb header_2_font_size=\u00bb40px\u00bb custom_margin=\u00bb||0px||false|false\u00bb header_2_font_size_tablet=\u00bb\u00bb header_2_font_size_phone=\u00bb34px\u00bb header_2_font_size_last_edited=\u00bbon|phone\u00bb global_colors_info=\u00bb{}\u00bb]<h2>Excavaciones y movimientos de tierra<\/h2>[\/et_pb_text][et_pb_divider color=\u00bb#d1651a\u00bb divider_position=\u00bbcenter\u00bb divider_weight=\u00bb8px\u00bb _builder_version=\u00bb4.16&#8243; _module_preset=\u00bbdefault\u00bb width=\u00bb8%\u00bb custom_margin=\u00bb20px||35px|-40px|false|false\u00bb custom_margin_tablet=\u00bb\u00bb custom_margin_phone=\u00bb20px||35px|0px|false|false\u00bb custom_margin_last_edited=\u00bbon|phone\u00bb global_colors_info=\u00bb{}\u00bb][\/et_pb_divider][et_pb_text _builder_version=\u00bb4.17.4&#8243; _module_preset=\u00bbdefault\u00bb text_line_height=\u00bb1.8em\u00bb text_font_size_tablet=\u00bb\u00bb text_font_size_phone=\u00bb16px\u00bb text_font_size_last_edited=\u00bbon|phone\u00bb global_colors_info=\u00bb{}\u00bb]<p>En Excavaciones Raimon encontrar\u00e1s una empresa de excavaciones que realizar\u00e1 cualquier servicio de movimiento de tierra que necesites al precio m\u00e1s competitivo del mercado. Contamos con una gran flota de excavadoras.<\/p>[\/et_pb_text][et_pb_button button_url=\u00bbhttps:\/\/excavacionsraimon.com\/es\/excavaciones-y-movimientos-de-tierra-platja-daro\/\u00bb button_text=\u00bbM\u00e1s informaci\u00f3n\u00bb disabled_on=\u00bboff|off|off\u00bb _builder_version=\u00bb4.17.4&#8243; _module_preset=\u00bbdefault\u00bb custom_button=\u00bbon\u00bb button_text_size=\u00bb18px\u00bb button_text_color=\u00bb#ffffff\u00bb button_bg_use_color_gradient=\u00bbon\u00bb button_bg_color_gradient_direction=\u00bb90deg\u00bb button_bg_color_gradient_stops=\u00bb#c1282a 0%|#d1651a 100%\u00bb button_bg_color_gradient_start=\u00bb#c1282a\u00bb button_bg_color_gradient_end=\u00bb#d1651a\u00bb button_border_width=\u00bb0px\u00bb button_font=\u00bb|700||on|||||\u00bb button_use_icon=\u00bboff\u00bb button_text_size_tablet=\u00bb\u00bb button_text_size_phone=\u00bb14px\u00bb button_text_size_last_edited=\u00bbon|phone\u00bb global_colors_info=\u00bb{}\u00bb button_bg_color__hover_enabled=\u00bbon|hover\u00bb button_bg_color_gradient_end__hover=\u00bb#c1282a\u00bb button_bg_color_gradient_start__hover=\u00bb#d1651a\u00bb button_bg_color_gradient_stops__hover=\u00bb#d1651a 0%|#c1282a 100%\u00bb][\/et_pb_button][\/et_pb_column][\/et_pb_row][et_pb_row column_structure=\u00bb3_5,2_5&#8243; disabled_on=\u00bboff|off|off\u00bb module_class=\u00bbreverse_column\u00bb _builder_version=\u00bb4.16&#8243; _module_preset=\u00bbdefault\u00bb border_width_bottom=\u00bb1px\u00bb border_color_bottom=\u00bb#eaeaea\u00bb global_colors_info=\u00bb{}\u00bb][et_pb_column type=\u00bb3_5&#8243; _builder_version=\u00bb4.16&#8243; _module_preset=\u00bbdefault\u00bb custom_padding=\u00bb50px||||false|false\u00bb custom_padding_tablet=\u00bb25px||||false|false\u00bb custom_padding_phone=\u00bb25px||||false|false\u00bb custom_padding_last_edited=\u00bbon|tablet\u00bb global_colors_info=\u00bb{}\u00bb][et_pb_text _builder_version=\u00bb4.17.4&#8243; _module_preset=\u00bbdefault\u00bb header_2_font=\u00bb|700|||||||\u00bb header_2_font_size=\u00bb46px\u00bb custom_margin=\u00bb||0px||false|false\u00bb header_2_font_size_tablet=\u00bb\u00bb header_2_font_size_phone=\u00bb34px\u00bb header_2_font_size_last_edited=\u00bbon|phone\u00bb global_colors_info=\u00bb{}\u00bb]<h2>\u00c1ridos<\/h2>[\/et_pb_text][et_pb_divider color=\u00bb#d1651a\u00bb divider_position=\u00bbcenter\u00bb divider_weight=\u00bb8px\u00bb _builder_version=\u00bb4.16&#8243; _module_preset=\u00bbdefault\u00bb width=\u00bb8%\u00bb custom_margin=\u00bb20px||35px|-40px|false|false\u00bb custom_margin_tablet=\u00bb\u00bb custom_margin_phone=\u00bb20px||35px|0px|false|false\u00bb custom_margin_last_edited=\u00bbon|phone\u00bb global_colors_info=\u00bb{}\u00bb][\/et_pb_divider][et_pb_text _builder_version=\u00bb4.17.4&#8243; _module_preset=\u00bbdefault\u00bb text_line_height=\u00bb1.8em\u00bb text_font_size_tablet=\u00bb\u00bb text_font_size_phone=\u00bb16px\u00bb text_font_size_last_edited=\u00bbon|phone\u00bb global_colors_info=\u00bb{}\u00bb]<p>En Excavaciones Raimon somos conocidos por ser una empresa de \u00e1ridos que conoce en profundidad todos los productos necesarios para la obra civil. Estamos situados en Platja d&#8217;Aro.<\/p>[\/et_pb_text][et_pb_button button_url=\u00bbhttps:\/\/excavacionsraimon.com\/es\/aridos-platja-daro\/\u00bb button_text=\u00bbM\u00e1s informaci\u00f3n\u00bb disabled_on=\u00bboff|off|off\u00bb _builder_version=\u00bb4.17.4&#8243; _module_preset=\u00bbdefault\u00bb custom_button=\u00bbon\u00bb button_text_size=\u00bb18px\u00bb button_text_color=\u00bb#ffffff\u00bb button_bg_use_color_gradient=\u00bbon\u00bb button_bg_color_gradient_direction=\u00bb90deg\u00bb button_bg_color_gradient_stops=\u00bb#c1282a 0%|#d1651a 100%\u00bb button_bg_color_gradient_start=\u00bb#c1282a\u00bb button_bg_color_gradient_end=\u00bb#d1651a\u00bb button_border_width=\u00bb0px\u00bb button_font=\u00bb|700||on|||||\u00bb button_use_icon=\u00bboff\u00bb button_text_size_tablet=\u00bb\u00bb button_text_size_phone=\u00bb14px\u00bb button_text_size_last_edited=\u00bbon|phone\u00bb global_colors_info=\u00bb{}\u00bb button_bg_color__hover_enabled=\u00bbon|hover\u00bb button_bg_color_gradient_end__hover=\u00bb#c1282a\u00bb button_bg_color_gradient_start__hover=\u00bb#d1651a\u00bb button_bg_color_gradient_stops__hover=\u00bb#d1651a 0%|#c1282a 100%\u00bb][\/et_pb_button][\/et_pb_column][et_pb_column type=\u00bb2_5&#8243; _builder_version=\u00bb4.16&#8243; _module_preset=\u00bbdefault\u00bb global_colors_info=\u00bb{}\u00bb][et_pb_image src=\u00bbhttps:\/\/excavacionsraimon.com\/wp-content\/uploads\/2022\/02\/1.png\u00bb title_text=\u00bb1&#8243; align=\u00bbcenter\u00bb _builder_version=\u00bb4.16&#8243; _module_preset=\u00bbdefault\u00bb global_colors_info=\u00bb{}\u00bb][\/et_pb_image][\/et_pb_column][\/et_pb_row][et_pb_row column_structure=\u00bb2_5,3_5&#8243; _builder_version=\u00bb4.16&#8243; _module_preset=\u00bbdefault\u00bb border_width_bottom=\u00bb1px\u00bb border_color_bottom=\u00bb#eaeaea\u00bb global_colors_info=\u00bb{}\u00bb][et_pb_column type=\u00bb2_5&#8243; _builder_version=\u00bb4.16&#8243; _module_preset=\u00bbdefault\u00bb global_colors_info=\u00bb{}\u00bb][et_pb_image src=\u00bbhttps:\/\/excavacionsraimon.com\/wp-content\/uploads\/2022\/06\/neteja-clavegueram.png\u00bb title_text=\u00bb2&#8243; align=\u00bbcenter\u00bb _builder_version=\u00bb4.17.4&#8243; _module_preset=\u00bbdefault\u00bb global_colors_info=\u00bb{}\u00bb][\/et_pb_image][\/et_pb_column][et_pb_column type=\u00bb3_5&#8243; _builder_version=\u00bb4.16&#8243; _module_preset=\u00bbdefault\u00bb custom_padding=\u00bb50px||||false|false\u00bb custom_padding_tablet=\u00bb25px||||false|false\u00bb custom_padding_phone=\u00bb25px||||false|false\u00bb custom_padding_last_edited=\u00bbon|tablet\u00bb global_colors_info=\u00bb{}\u00bb][et_pb_text _builder_version=\u00bb4.17.4&#8243; _module_preset=\u00bbdefault\u00bb text_font_size=\u00bb21px\u00bb header_2_font=\u00bb|700|||||||\u00bb header_2_font_size=\u00bb40px\u00bb custom_margin=\u00bb||0px||false|false\u00bb header_2_font_size_tablet=\u00bb\u00bb header_2_font_size_phone=\u00bb34px\u00bb header_2_font_size_last_edited=\u00bbon|phone\u00bb global_colors_info=\u00bb{}\u00bb]<h2>Limpieza de alcantarillado y fosas s\u00e9pticas<\/h2>[\/et_pb_text][et_pb_divider color=\u00bb#d1651a\u00bb divider_position=\u00bbcenter\u00bb divider_weight=\u00bb8px\u00bb _builder_version=\u00bb4.16&#8243; _module_preset=\u00bbdefault\u00bb width=\u00bb8%\u00bb custom_margin=\u00bb20px||35px|-40px|false|false\u00bb custom_margin_tablet=\u00bb\u00bb custom_margin_phone=\u00bb20px||35px|0px|false|false\u00bb custom_margin_last_edited=\u00bbon|phone\u00bb global_colors_info=\u00bb{}\u00bb][\/et_pb_divider][et_pb_text _builder_version=\u00bb4.17.4&#8243; _module_preset=\u00bbdefault\u00bb text_line_height=\u00bb1.8em\u00bb text_font_size_tablet=\u00bb\u00bb text_font_size_phone=\u00bb16px\u00bb text_font_size_last_edited=\u00bbon|phone\u00bb global_colors_info=\u00bb{}\u00bb]<p>\u00bfNecesitas un servicio de limpieza de fosa s\u00e9ptica en el Alt Empord\u00e0? En Escavacions Raimon tambi\u00e9n somos especialistas en la Limpieza de alcantarillado, arquetas y fosas s\u00e9pticas. Servicio profesional de inspecci\u00f3n con c\u00e1mara TV.<\/p>[\/et_pb_text][et_pb_button button_url=\u00bbhttps:\/\/excavacionsraimon.com\/es\/limpieza-de-alcantarillado-y-fosas-septicas\/\u00bb button_text=\u00bbM\u00e1s informaci\u00f3n\u00bb disabled_on=\u00bboff|off|off\u00bb _builder_version=\u00bb4.17.4&#8243; _module_preset=\u00bbdefault\u00bb custom_button=\u00bbon\u00bb button_text_size=\u00bb18px\u00bb button_text_color=\u00bb#ffffff\u00bb button_bg_use_color_gradient=\u00bbon\u00bb button_bg_color_gradient_direction=\u00bb90deg\u00bb button_bg_color_gradient_stops=\u00bb#c1282a 0%|#d1651a 100%\u00bb button_bg_color_gradient_start=\u00bb#c1282a\u00bb button_bg_color_gradient_end=\u00bb#d1651a\u00bb button_border_width=\u00bb0px\u00bb button_font=\u00bb|700||on|||||\u00bb button_use_icon=\u00bboff\u00bb hover_enabled=\u00bb0&#8243; button_text_size_tablet=\u00bb\u00bb button_text_size_phone=\u00bb14px\u00bb button_text_size_last_edited=\u00bbon|phone\u00bb global_colors_info=\u00bb{}\u00bb button_bg_color__hover_enabled=\u00bbon|hover\u00bb button_bg_color_gradient_end__hover=\u00bb#c1282a\u00bb button_bg_color_gradient_start__hover=\u00bb#d1651a\u00bb button_bg_color_gradient_stops__hover=\u00bb#d1651a 0%|#c1282a 100%\u00bb sticky_enabled=\u00bb0&#8243;][\/et_pb_button][\/et_pb_column][\/et_pb_row][\/et_pb_section]\n","protected":false},"excerpt":{"rendered":"<p>Excavacions RaimonServiciosExcavaciones y movimientos de tierraEn Excavaciones Raimon encontrar\u00e1s una empresa de excavaciones que realizar\u00e1 cualquier servicio de movimiento de tierra que necesites al precio m\u00e1s competitivo del mercado. Contamos con una gran flota de excavadoras.\u00c1ridosEn Excavaciones Raimon somos conocidos por ser una empresa de \u00e1ridos que conoce en profundidad todos los productos necesarios para [&hellip;]<\/p>\n","protected":false},"author":1,"featured_media":0,"parent":0,"menu_order":0,"comment_status":"closed","ping_status":"closed","template":"","meta":{"_et_pb_use_builder":"on","_et_pb_old_content":"","_et_gb_content_width":"","footnotes":""},"class_list":["post-963","page","type-page","status-publish","hentry"],"yoast_head":"<!-- This site is optimized with the Yoast SEO plugin v27.4 - https:\/\/yoast.com\/product\/yoast-seo-wordpress\/ -->\n<title>Servicios de Excavaciones en Platja D&#039;aro | Excavacions Raimon<\/title>\n<meta name=\"description\" content=\"Servicios de Excavaciones, Movimiento de Tierras y Suministro de \u00c1ridos en Platja d&#039;Aro. Limpieza de alcantarillado y fosas s\u00e9pticas.\" \/>\n<meta name=\"robots\" content=\"index, follow, max-snippet:-1, max-image-preview:large, max-video-preview:-1\" \/>\n<link rel=\"canonical\" href=\"https:\/\/excavacionsraimon.com\/es\/servicios\/\" \/>\n<meta property=\"og:locale\" content=\"es_ES\" \/>\n<meta property=\"og:type\" content=\"article\" \/>\n<meta property=\"og:title\" content=\"Servicios de Excavaciones en Platja D&#039;aro | Excavacions Raimon\" \/>\n<meta property=\"og:description\" content=\"Servicios de Excavaciones, Movimiento de Tierras y Suministro de \u00c1ridos en Platja d&#039;Aro. Limpieza de alcantarillado y fosas s\u00e9pticas.\" \/>\n<meta property=\"og:url\" content=\"https:\/\/excavacionsraimon.com\/es\/servicios\/\" \/>\n<meta property=\"og:site_name\" content=\"Excavacions Raimon\" \/>\n<meta property=\"article:modified_time\" content=\"2022-06-01T18:04:29+00:00\" \/>\n<meta name=\"twitter:card\" content=\"summary_large_image\" \/>\n<meta name=\"twitter:label1\" content=\"Tiempo de lectura\" \/>\n\t<meta name=\"twitter:data1\" content=\"3 minutos\" \/>\n<script type=\"application\/ld+json\" class=\"yoast-schema-graph\">{\"@context\":\"https:\\\/\\\/schema.org\",\"@graph\":[{\"@type\":\"WebPage\",\"@id\":\"https:\\\/\\\/excavacionsraimon.com\\\/es\\\/servicios\\\/\",\"url\":\"https:\\\/\\\/excavacionsraimon.com\\\/es\\\/servicios\\\/\",\"name\":\"Servicios de Excavaciones en Platja D'aro | Excavacions Raimon\",\"isPartOf\":{\"@id\":\"https:\\\/\\\/excavacionsraimon.com\\\/es\\\/#website\"},\"datePublished\":\"2022-02-14T11:29:21+00:00\",\"dateModified\":\"2022-06-01T18:04:29+00:00\",\"description\":\"Servicios de Excavaciones, Movimiento de Tierras y Suministro de \u00c1ridos en Platja d'Aro. Limpieza de alcantarillado y fosas s\u00e9pticas.\",\"breadcrumb\":{\"@id\":\"https:\\\/\\\/excavacionsraimon.com\\\/es\\\/servicios\\\/#breadcrumb\"},\"inLanguage\":\"es\",\"potentialAction\":[{\"@type\":\"ReadAction\",\"target\":[\"https:\\\/\\\/excavacionsraimon.com\\\/es\\\/servicios\\\/\"]}]},{\"@type\":\"BreadcrumbList\",\"@id\":\"https:\\\/\\\/excavacionsraimon.com\\\/es\\\/servicios\\\/#breadcrumb\",\"itemListElement\":[{\"@type\":\"ListItem\",\"position\":1,\"name\":\"Inici\",\"item\":\"https:\\\/\\\/excavacionsraimon.com\\\/es\\\/\"},{\"@type\":\"ListItem\",\"position\":2,\"name\":\"Servicios\"}]},{\"@type\":\"WebSite\",\"@id\":\"https:\\\/\\\/excavacionsraimon.com\\\/es\\\/#website\",\"url\":\"https:\\\/\\\/excavacionsraimon.com\\\/es\\\/\",\"name\":\"Excavacions Raimon\",\"description\":\"\",\"publisher\":{\"@id\":\"https:\\\/\\\/excavacionsraimon.com\\\/es\\\/#organization\"},\"potentialAction\":[{\"@type\":\"SearchAction\",\"target\":{\"@type\":\"EntryPoint\",\"urlTemplate\":\"https:\\\/\\\/excavacionsraimon.com\\\/es\\\/?s={search_term_string}\"},\"query-input\":{\"@type\":\"PropertyValueSpecification\",\"valueRequired\":true,\"valueName\":\"search_term_string\"}}],\"inLanguage\":\"es\"},{\"@type\":\"Organization\",\"@id\":\"https:\\\/\\\/excavacionsraimon.com\\\/es\\\/#organization\",\"name\":\"Excavacions Raimon\",\"url\":\"https:\\\/\\\/excavacionsraimon.com\\\/es\\\/\",\"logo\":{\"@type\":\"ImageObject\",\"inLanguage\":\"es\",\"@id\":\"https:\\\/\\\/excavacionsraimon.com\\\/es\\\/#\\\/schema\\\/logo\\\/image\\\/\",\"url\":\"https:\\\/\\\/excavacionsraimon.com\\\/wp-content\\\/uploads\\\/2022\\\/01\\\/Excavacions-Raimon-logo.png\",\"contentUrl\":\"https:\\\/\\\/excavacionsraimon.com\\\/wp-content\\\/uploads\\\/2022\\\/01\\\/Excavacions-Raimon-logo.png\",\"width\":360,\"height\":153,\"caption\":\"Excavacions Raimon\"},\"image\":{\"@id\":\"https:\\\/\\\/excavacionsraimon.com\\\/es\\\/#\\\/schema\\\/logo\\\/image\\\/\"}}]}<\/script>\n<!-- \/ Yoast SEO plugin. -->","yoast_head_json":{"title":"Servicios de Excavaciones en Platja D'aro | Excavacions Raimon","description":"Servicios de Excavaciones, Movimiento de Tierras y Suministro de \u00c1ridos en Platja d'Aro. Limpieza de alcantarillado y fosas s\u00e9pticas.","robots":{"index":"index","follow":"follow","max-snippet":"max-snippet:-1","max-image-preview":"max-image-preview:large","max-video-preview":"max-video-preview:-1"},"canonical":"https:\/\/excavacionsraimon.com\/es\/servicios\/","og_locale":"es_ES","og_type":"article","og_title":"Servicios de Excavaciones en Platja D'aro | Excavacions Raimon","og_description":"Servicios de Excavaciones, Movimiento de Tierras y Suministro de \u00c1ridos en Platja d'Aro. Limpieza de alcantarillado y fosas s\u00e9pticas.","og_url":"https:\/\/excavacionsraimon.com\/es\/servicios\/","og_site_name":"Excavacions Raimon","article_modified_time":"2022-06-01T18:04:29+00:00","twitter_card":"summary_large_image","twitter_misc":{"Tiempo de lectura":"3 minutos"},"schema":{"@context":"https:\/\/schema.org","@graph":[{"@type":"WebPage","@id":"https:\/\/excavacionsraimon.com\/es\/servicios\/","url":"https:\/\/excavacionsraimon.com\/es\/servicios\/","name":"Servicios de Excavaciones en Platja D'aro | Excavacions Raimon","isPartOf":{"@id":"https:\/\/excavacionsraimon.com\/es\/#website"},"datePublished":"2022-02-14T11:29:21+00:00","dateModified":"2022-06-01T18:04:29+00:00","description":"Servicios de Excavaciones, Movimiento de Tierras y Suministro de \u00c1ridos en Platja d'Aro. Limpieza de alcantarillado y fosas s\u00e9pticas.","breadcrumb":{"@id":"https:\/\/excavacionsraimon.com\/es\/servicios\/#breadcrumb"},"inLanguage":"es","potentialAction":[{"@type":"ReadAction","target":["https:\/\/excavacionsraimon.com\/es\/servicios\/"]}]},{"@type":"BreadcrumbList","@id":"https:\/\/excavacionsraimon.com\/es\/servicios\/#breadcrumb","itemListElement":[{"@type":"ListItem","position":1,"name":"Inici","item":"https:\/\/excavacionsraimon.com\/es\/"},{"@type":"ListItem","position":2,"name":"Servicios"}]},{"@type":"WebSite","@id":"https:\/\/excavacionsraimon.com\/es\/#website","url":"https:\/\/excavacionsraimon.com\/es\/","name":"Excavacions Raimon","description":"","publisher":{"@id":"https:\/\/excavacionsraimon.com\/es\/#organization"},"potentialAction":[{"@type":"SearchAction","target":{"@type":"EntryPoint","urlTemplate":"https:\/\/excavacionsraimon.com\/es\/?s={search_term_string}"},"query-input":{"@type":"PropertyValueSpecification","valueRequired":true,"valueName":"search_term_string"}}],"inLanguage":"es"},{"@type":"Organization","@id":"https:\/\/excavacionsraimon.com\/es\/#organization","name":"Excavacions Raimon","url":"https:\/\/excavacionsraimon.com\/es\/","logo":{"@type":"ImageObject","inLanguage":"es","@id":"https:\/\/excavacionsraimon.com\/es\/#\/schema\/logo\/image\/","url":"https:\/\/excavacionsraimon.com\/wp-content\/uploads\/2022\/01\/Excavacions-Raimon-logo.png","contentUrl":"https:\/\/excavacionsraimon.com\/wp-content\/uploads\/2022\/01\/Excavacions-Raimon-logo.png","width":360,"height":153,"caption":"Excavacions Raimon"},"image":{"@id":"https:\/\/excavacionsraimon.com\/es\/#\/schema\/logo\/image\/"}}]}},"_links":{"self":[{"href":"https:\/\/excavacionsraimon.com\/es\/wp-json\/wp\/v2\/pages\/963","targetHints":{"allow":["GET"]}}],"collection":[{"href":"https:\/\/excavacionsraimon.com\/es\/wp-json\/wp\/v2\/pages"}],"about":[{"href":"https:\/\/excavacionsraimon.com\/es\/wp-json\/wp\/v2\/types\/page"}],"author":[{"embeddable":true,"href":"https:\/\/excavacionsraimon.com\/es\/wp-json\/wp\/v2\/users\/1"}],"replies":[{"embeddable":true,"href":"https:\/\/excavacionsraimon.com\/es\/wp-json\/wp\/v2\/comments?post=963"}],"version-history":[{"count":0,"href":"https:\/\/excavacionsraimon.com\/es\/wp-json\/wp\/v2\/pages\/963\/revisions"}],"wp:attachment":[{"href":"https:\/\/excavacionsraimon.com\/es\/wp-json\/wp\/v2\/media?parent=963"}],"curies":[{"name":"wp","href":"https:\/\/api.w.org\/{rel}","templated":true}]}}