{"id":956,"date":"2022-02-14T14:43:34","date_gmt":"2022-02-14T14:43:34","guid":{"rendered":"https:\/\/excavacionsraimon.com\/arids\/"},"modified":"2022-06-01T17:54:29","modified_gmt":"2022-06-01T17:54:29","slug":"aridos-platja-daro","status":"publish","type":"page","link":"https:\/\/excavacionsraimon.com\/es\/aridos-platja-daro\/","title":{"rendered":"\u00c1ridos"},"content":{"rendered":"\n\n[et_pb_section fb_built=\u00bb1&#8243; _builder_version=\u00bb4.16&#8243; _module_preset=\u00bbdefault\u00bb background_image=\u00bbhttps:\/\/excavacionsraimon.com\/wp-content\/uploads\/2022\/02\/aridos-girona-1.png\u00bb custom_padding=\u00bb||149px|||\u00bb global_colors_info=\u00bb{}\u00bb][et_pb_row _builder_version=\u00bb4.16&#8243; _module_preset=\u00bbdefault\u00bb global_colors_info=\u00bb{}\u00bb][et_pb_column type=\u00bb4_4&#8243; _builder_version=\u00bb4.16&#8243; _module_preset=\u00bbdefault\u00bb global_colors_info=\u00bb{}\u00bb][et_pb_text _builder_version=\u00bb4.16&#8243; _module_preset=\u00bbdefault\u00bb text_font=\u00bb|700|||||||\u00bb text_text_color=\u00bb#d1651a\u00bb text_font_size=\u00bb24px\u00bb custom_margin=\u00bb||5px||false|false\u00bb global_colors_info=\u00bb{}\u00bb]<p>Excavacions Raimon<\/p>[\/et_pb_text][et_pb_text module_class=\u00bbh1_home\u00bb _builder_version=\u00bb4.17.4&#8243; _module_preset=\u00bbdefault\u00bb header_font=\u00bbWork Sans|800||on|||||\u00bb header_text_color=\u00bb#002d62&#8243; header_font_size=\u00bb33px\u00bb custom_margin=\u00bb||0px||false|false\u00bb header_font_size_tablet=\u00bb64px\u00bb header_font_size_phone=\u00bb48px\u00bb header_font_size_last_edited=\u00bbon|tablet\u00bb global_colors_info=\u00bb{}\u00bb]<h1>\u00c1RIDOS<\/h1>[\/et_pb_text][\/et_pb_column][\/et_pb_row][\/et_pb_section][et_pb_section fb_built=\u00bb1&#8243; specialty=\u00bbon\u00bb module_class=\u00bbreverse_column\u00bb _builder_version=\u00bb4.16&#8243; _module_preset=\u00bbdefault\u00bb custom_padding=\u00bb||0px|||\u00bb global_colors_info=\u00bb{}\u00bb][et_pb_column type=\u00bb1_4&#8243; _builder_version=\u00bb4.16&#8243; custom_padding=\u00bb|||\u00bb global_colors_info=\u00bb{}\u00bb custom_padding__hover=\u00bb|||\u00bb][et_pb_sidebar area=\u00bbet_pb_widget_area_1&#8243; show_border=\u00bboff\u00bb _builder_version=\u00bb4.16&#8243; _module_preset=\u00bbdefault\u00bb custom_margin=\u00bb||||false|false\u00bb global_colors_info=\u00bb{}\u00bb][\/et_pb_sidebar][et_pb_text _builder_version=\u00bb4.17.4&#8243; _module_preset=\u00bbdefault\u00bb header_3_font=\u00bb|700|||||||\u00bb header_3_font_size=\u00bb28px\u00bb custom_margin=\u00bb||25px||false|false\u00bb global_colors_info=\u00bb{}\u00bb]<h3>Contacto<\/h3>[\/et_pb_text][et_pb_blurb use_icon=\u00bbon\u00bb font_icon=\u00bb&#xe081;||divi||400&#8243; icon_color=\u00bb#ef6f00&#8243; icon_placement=\u00bbleft\u00bb image_icon_width=\u00bb30px\u00bb _builder_version=\u00bb4.16&#8243; _module_preset=\u00bbdefault\u00bb body_font=\u00bb|600|||||||\u00bb body_text_color=\u00bb#000000&#8243; body_font_size=\u00bb16px\u00bb custom_margin=\u00bb||25px||false|false\u00bb custom_padding=\u00bb||25px||false|false\u00bb animation=\u00bboff\u00bb border_width_bottom=\u00bb1px\u00bb border_color_bottom=\u00bb#dbdbdb\u00bb icon_font_size=\u00bb30px\u00bb global_colors_info=\u00bb{}\u00bb]<p><span>Avinguda Castell d\u2019Aro, 101<\/span><br \/> <span>Platja d\u2019Aro, 17250 GIRONA<\/span><\/p>[\/et_pb_blurb][et_pb_blurb use_icon=\u00bbon\u00bb font_icon=\u00bb&#xe090;||divi||400&#8243; icon_color=\u00bb#ef6f00&#8243; icon_placement=\u00bbleft\u00bb image_icon_width=\u00bb26px\u00bb _builder_version=\u00bb4.16&#8243; _module_preset=\u00bbdefault\u00bb body_font=\u00bb|600|||||||\u00bb body_text_color=\u00bb#000000&#8243; body_font_size=\u00bb16px\u00bb custom_margin=\u00bb||25px||false|false\u00bb custom_padding=\u00bb||25px||false|false\u00bb animation=\u00bboff\u00bb border_width_bottom=\u00bb1px\u00bb border_color_bottom=\u00bb#dbdbdb\u00bb icon_font_size=\u00bb26px\u00bb global_colors_info=\u00bb{}\u00bb]<p>(+ 34) 972 819 674\n<\/p>[\/et_pb_blurb][et_pb_blurb use_icon=\u00bbon\u00bb font_icon=\u00bb&#xe076;||divi||400&#8243; icon_color=\u00bb#ef6f00&#8243; icon_placement=\u00bbleft\u00bb image_icon_width=\u00bb24px\u00bb _builder_version=\u00bb4.16&#8243; _module_preset=\u00bbdefault\u00bb body_font=\u00bb|600|||||||\u00bb body_text_color=\u00bb#000000&#8243; body_font_size=\u00bb16px\u00bb custom_padding=\u00bb||25px||false|false\u00bb animation=\u00bboff\u00bb icon_font_size=\u00bb24px\u00bb global_colors_info=\u00bb{}\u00bb]<p>info@excavacionsraimon.com<\/p>[\/et_pb_blurb][\/et_pb_column][et_pb_column type=\u00bb3_4&#8243; specialty_columns=\u00bb3&#8243; _builder_version=\u00bb4.16&#8243; custom_padding=\u00bb|||\u00bb global_colors_info=\u00bb{}\u00bb custom_padding__hover=\u00bb|||\u00bb][et_pb_row_inner _builder_version=\u00bb4.16&#8243; _module_preset=\u00bbdefault\u00bb global_colors_info=\u00bb{}\u00bb][et_pb_column_inner saved_specialty_column_type=\u00bb3_4&#8243; _builder_version=\u00bb4.16&#8243; _module_preset=\u00bbdefault\u00bb global_colors_info=\u00bb{}\u00bb][et_pb_text _builder_version=\u00bb4.17.4&#8243; _module_preset=\u00bbdefault\u00bb header_2_font=\u00bb|700|||||||\u00bb header_2_font_size=\u00bb46px\u00bb custom_margin=\u00bb||0px||false|false\u00bb header_2_font_size_tablet=\u00bb\u00bb header_2_font_size_phone=\u00bb34px\u00bb header_2_font_size_last_edited=\u00bbon|phone\u00bb global_colors_info=\u00bb{}\u00bb]<h2>\u00c1RIDOS<\/h2>[\/et_pb_text][et_pb_divider color=\u00bb#d1651a\u00bb divider_position=\u00bbcenter\u00bb divider_weight=\u00bb8px\u00bb _builder_version=\u00bb4.16&#8243; _module_preset=\u00bbdefault\u00bb width=\u00bb8%\u00bb custom_margin=\u00bb20px||35px||false|false\u00bb custom_margin_tablet=\u00bb\u00bb custom_margin_phone=\u00bb20px||35px|0px|false|false\u00bb custom_margin_last_edited=\u00bbon|phone\u00bb global_colors_info=\u00bb{}\u00bb][\/et_pb_divider][et_pb_text _builder_version=\u00bb4.17.4&#8243; _module_preset=\u00bbdefault\u00bb text_line_height=\u00bb1.8em\u00bb hover_enabled=\u00bb0&#8243; text_font_size_tablet=\u00bb\u00bb text_font_size_phone=\u00bb16px\u00bb text_font_size_last_edited=\u00bbon|phone\u00bb global_colors_info=\u00bb{}\u00bb sticky_enabled=\u00bb0&#8243;]<p>Los productos con los que trabajamos son esenciales en cualquier procedimiento civil. Gracias a su resistencia y f\u00e1cil aplicaci\u00f3n, sumado al econ\u00f3mico precio de mercado, los materiales \u00e1ridos son los m\u00e1s id\u00f3neos.<\/p>\n<p>En nuestra <a href=\"https:\/\/excavacionsraimon.com\">empresa de excavaciones en Platja d&#8217;Aro<\/a> encontrar\u00e1s material \u00e1rido de primera calidad. Siempre nos hemos propuesto ofrecer a nuestros clientes una amplia variedad de productos para que, con nosotros, puedan encontrar todo lo que buscan. Con el paso del tiempo lo hemos logrado.<\/p>\n<p>En funci\u00f3n del uso que le demos, el material \u00e1rido debe tener una serie de caracter\u00edsticas que lo hagan m\u00e1s o menos v\u00e1lido para una finalidad determinada. Te recomendaremos distintos tama\u00f1os y variedad en formas seg\u00fan tus intereses, garantizando siempre los precios m\u00e1s competitivos del mercado.<\/p>\n<p>Apostamos por la m\u00e1xima calidad en todos nuestros productos. Disponemos\u00a0 de arenas, grava, gravilla y materiales con diferentes caras de fractura, resistencia y desgaste contra factores externos, as\u00ed como diferente densidad, porosidad o propiedades qu\u00edmicas.<\/p>\n<p><strong>En Excavacions Raimon encontrar\u00e1s \u00e1ridos para obra, as\u00ed como tierras y grabas para jard\u00edn.<\/strong><\/p>[\/et_pb_text][\/et_pb_column_inner][\/et_pb_row_inner][et_pb_row_inner column_structure=\u00bb1_3,1_3,1_3&#8243; use_custom_gutter=\u00bbon\u00bb gutter_width=\u00bb2&#8243; _builder_version=\u00bb4.16&#8243; _module_preset=\u00bbdefault\u00bb custom_padding=\u00bb0px||0px||true|false\u00bb global_colors_info=\u00bb{}\u00bb][et_pb_column_inner type=\u00bb1_3&#8243; saved_specialty_column_type=\u00bb3_4&#8243; _builder_version=\u00bb4.16&#8243; _module_preset=\u00bbdefault\u00bb global_colors_info=\u00bb{}\u00bb][et_pb_image src=\u00bbhttps:\/\/excavacionsraimon.com\/wp-content\/uploads\/2022\/02\/3.png\u00bb title_text=\u00bb3&#8243; show_in_lightbox=\u00bbon\u00bb align=\u00bbcenter\u00bb _builder_version=\u00bb4.16&#8243; _module_preset=\u00bbdefault\u00bb global_colors_info=\u00bb{}\u00bb][\/et_pb_image][\/et_pb_column_inner][et_pb_column_inner type=\u00bb1_3&#8243; saved_specialty_column_type=\u00bb3_4&#8243; _builder_version=\u00bb4.16&#8243; _module_preset=\u00bbdefault\u00bb global_colors_info=\u00bb{}\u00bb][et_pb_image src=\u00bbhttps:\/\/excavacionsraimon.com\/wp-content\/uploads\/2022\/02\/2-1.png\u00bb title_text=\u00bb2&#8243; show_in_lightbox=\u00bbon\u00bb align=\u00bbcenter\u00bb _builder_version=\u00bb4.16&#8243; _module_preset=\u00bbdefault\u00bb global_colors_info=\u00bb{}\u00bb][\/et_pb_image][\/et_pb_column_inner][et_pb_column_inner type=\u00bb1_3&#8243; saved_specialty_column_type=\u00bb3_4&#8243; _builder_version=\u00bb4.16&#8243; _module_preset=\u00bbdefault\u00bb global_colors_info=\u00bb{}\u00bb][et_pb_image src=\u00bbhttps:\/\/excavacionsraimon.com\/wp-content\/uploads\/2022\/02\/1-1.png\u00bb title_text=\u00bb1&#8243; show_in_lightbox=\u00bbon\u00bb align=\u00bbcenter\u00bb _builder_version=\u00bb4.16&#8243; _module_preset=\u00bbdefault\u00bb global_colors_info=\u00bb{}\u00bb][\/et_pb_image][\/et_pb_column_inner][\/et_pb_row_inner][\/et_pb_column][\/et_pb_section][et_pb_section fb_built=\u00bb1&#8243; _builder_version=\u00bb4.16&#8243; _module_preset=\u00bbdefault\u00bb use_background_color_gradient=\u00bbon\u00bb background_color_gradient_stops=\u00bbrgba(0,46,98,0.94) 0%|rgba(0,46,98,0.94) 100%\u00bb background_color_gradient_overlays_image=\u00bbon\u00bb background_color_gradient_start=\u00bbrgba(0,46,98,0.94)\u00bb background_color_gradient_end=\u00bbrgba(0,46,98,0.94)\u00bb background_image=\u00bbhttps:\/\/excavacionsraimon.com\/wp-content\/uploads\/2022\/02\/excavadora.png\u00bb custom_margin=\u00bb65px||65px||true|false\u00bb custom_padding=\u00bb10px||2px||false|false\u00bb global_colors_info=\u00bb{}\u00bb][et_pb_row _builder_version=\u00bb4.16&#8243; _module_preset=\u00bbdefault\u00bb custom_padding=\u00bb75px||75px||true|false\u00bb global_colors_info=\u00bb{}\u00bb][et_pb_column type=\u00bb4_4&#8243; _builder_version=\u00bb4.16&#8243; _module_preset=\u00bbdefault\u00bb global_colors_info=\u00bb{}\u00bb][et_pb_text _builder_version=\u00bb4.17.4&#8243; _module_preset=\u00bbdefault\u00bb text_font=\u00bbABeeZee|700|||||||\u00bb text_text_color=\u00bb#ffffff\u00bb text_font_size=\u00bb33px\u00bb text_orientation=\u00bbcenter\u00bb text_font_size_tablet=\u00bb\u00bb text_font_size_phone=\u00bb28px\u00bb text_font_size_last_edited=\u00bbon|phone\u00bb text_line_height_tablet=\u00bb1.1em\u00bb text_line_height_phone=\u00bb\u00bb text_line_height_last_edited=\u00bbon|tablet\u00bb global_colors_info=\u00bb{}\u00bb]<p>Si necesitas saber m\u00e1s sobre nuestros productos \u00c1ridos<\/p>[\/et_pb_text][et_pb_button button_url=\u00bbhttps:\/\/excavacionsraimon.com\/contacte\/\u00bb button_text=\u00bbCons\u00faltanos\u00bb button_alignment=\u00bbcenter\u00bb _builder_version=\u00bb4.17.4&#8243; _module_preset=\u00bbdefault\u00bb custom_button=\u00bbon\u00bb button_text_size=\u00bb18px\u00bb button_text_color=\u00bb#ffffff\u00bb button_bg_color=\u00bb#90592a\u00bb button_bg_color_gradient_direction=\u00bb90deg\u00bb button_border_width=\u00bb0px\u00bb button_font=\u00bb|700||on|||||\u00bb button_use_icon=\u00bboff\u00bb button_text_size_tablet=\u00bb\u00bb button_text_size_phone=\u00bb16px\u00bb button_text_size_last_edited=\u00bbon|phone\u00bb global_colors_info=\u00bb{}\u00bb button_bg_color__hover_enabled=\u00bbon|hover\u00bb button_bg_color__hover=\u00bb#90592a\u00bb button_bg_enable_color__hover=\u00bbon\u00bb][\/et_pb_button][\/et_pb_column][\/et_pb_row][\/et_pb_section]\n\n","protected":false},"excerpt":{"rendered":"<p>Excavacions Raimon\u00c1RIDOSContactoAvinguda Castell d\u2019Aro, 101 Platja d\u2019Aro, 17250 GIRONA(+ 34) 972 819 674 info@excavacionsraimon.com\u00c1RIDOSLos productos con los que trabajamos son esenciales en cualquier procedimiento civil. Gracias a su resistencia y f\u00e1cil aplicaci\u00f3n, sumado al econ\u00f3mico precio de mercado, los materiales \u00e1ridos son los m\u00e1s id\u00f3neos. En nuestra empresa de excavaciones en Platja d&#8217;Aro encontrar\u00e1s material [&hellip;]<\/p>\n","protected":false},"author":1,"featured_media":0,"parent":0,"menu_order":0,"comment_status":"closed","ping_status":"closed","template":"","meta":{"_et_pb_use_builder":"on","_et_pb_old_content":"","_et_gb_content_width":"","footnotes":""},"class_list":["post-956","page","type-page","status-publish","hentry"],"yoast_head":"<!-- This site is optimized with the Yoast SEO plugin v27.5 - https:\/\/yoast.com\/product\/yoast-seo-wordpress\/ -->\n<title>\u00c1ridos para la construcci\u00f3n en Platja d&#039;Aro | Excavacions Raimon<\/title>\n<meta name=\"description\" content=\"\u00c1ridos para construcci\u00f3n, decoraci\u00f3n de jardines y terrazas al mejor precio. Grava, gravilla y arena de diferentes tama\u00f1os. \u00a1Cont\u00e1ctanos!\" \/>\n<meta name=\"robots\" content=\"index, follow, max-snippet:-1, max-image-preview:large, max-video-preview:-1\" \/>\n<link rel=\"canonical\" href=\"https:\/\/excavacionsraimon.com\/es\/aridos-platja-daro\/\" \/>\n<meta property=\"og:locale\" content=\"es_ES\" \/>\n<meta property=\"og:type\" content=\"article\" \/>\n<meta property=\"og:title\" content=\"\u00c1ridos para la construcci\u00f3n en Platja d&#039;Aro | Excavacions Raimon\" \/>\n<meta property=\"og:description\" content=\"\u00c1ridos para construcci\u00f3n, decoraci\u00f3n de jardines y terrazas al mejor precio. Grava, gravilla y arena de diferentes tama\u00f1os. \u00a1Cont\u00e1ctanos!\" \/>\n<meta property=\"og:url\" content=\"https:\/\/excavacionsraimon.com\/es\/aridos-platja-daro\/\" \/>\n<meta property=\"og:site_name\" content=\"Excavacions Raimon\" \/>\n<meta property=\"article:modified_time\" content=\"2022-06-01T17:54:29+00:00\" \/>\n<meta name=\"twitter:card\" content=\"summary_large_image\" \/>\n<meta name=\"twitter:label1\" content=\"Tiempo de lectura\" \/>\n\t<meta name=\"twitter:data1\" content=\"3 minutos\" \/>\n<script type=\"application\/ld+json\" class=\"yoast-schema-graph\">{\"@context\":\"https:\\\/\\\/schema.org\",\"@graph\":[{\"@type\":\"WebPage\",\"@id\":\"https:\\\/\\\/excavacionsraimon.com\\\/es\\\/aridos-platja-daro\\\/\",\"url\":\"https:\\\/\\\/excavacionsraimon.com\\\/es\\\/aridos-platja-daro\\\/\",\"name\":\"\u00c1ridos para la construcci\u00f3n en Platja d'Aro | Excavacions Raimon\",\"isPartOf\":{\"@id\":\"https:\\\/\\\/excavacionsraimon.com\\\/es\\\/#website\"},\"datePublished\":\"2022-02-14T14:43:34+00:00\",\"dateModified\":\"2022-06-01T17:54:29+00:00\",\"description\":\"\u00c1ridos para construcci\u00f3n, decoraci\u00f3n de jardines y terrazas al mejor precio. Grava, gravilla y arena de diferentes tama\u00f1os. \u00a1Cont\u00e1ctanos!\",\"breadcrumb\":{\"@id\":\"https:\\\/\\\/excavacionsraimon.com\\\/es\\\/aridos-platja-daro\\\/#breadcrumb\"},\"inLanguage\":\"es\",\"potentialAction\":[{\"@type\":\"ReadAction\",\"target\":[\"https:\\\/\\\/excavacionsraimon.com\\\/es\\\/aridos-platja-daro\\\/\"]}]},{\"@type\":\"BreadcrumbList\",\"@id\":\"https:\\\/\\\/excavacionsraimon.com\\\/es\\\/aridos-platja-daro\\\/#breadcrumb\",\"itemListElement\":[{\"@type\":\"ListItem\",\"position\":1,\"name\":\"Inici\",\"item\":\"https:\\\/\\\/excavacionsraimon.com\\\/es\\\/\"},{\"@type\":\"ListItem\",\"position\":2,\"name\":\"\u00c1ridos\"}]},{\"@type\":\"WebSite\",\"@id\":\"https:\\\/\\\/excavacionsraimon.com\\\/es\\\/#website\",\"url\":\"https:\\\/\\\/excavacionsraimon.com\\\/es\\\/\",\"name\":\"Excavacions Raimon\",\"description\":\"\",\"publisher\":{\"@id\":\"https:\\\/\\\/excavacionsraimon.com\\\/es\\\/#organization\"},\"potentialAction\":[{\"@type\":\"SearchAction\",\"target\":{\"@type\":\"EntryPoint\",\"urlTemplate\":\"https:\\\/\\\/excavacionsraimon.com\\\/es\\\/?s={search_term_string}\"},\"query-input\":{\"@type\":\"PropertyValueSpecification\",\"valueRequired\":true,\"valueName\":\"search_term_string\"}}],\"inLanguage\":\"es\"},{\"@type\":\"Organization\",\"@id\":\"https:\\\/\\\/excavacionsraimon.com\\\/es\\\/#organization\",\"name\":\"Excavacions Raimon\",\"url\":\"https:\\\/\\\/excavacionsraimon.com\\\/es\\\/\",\"logo\":{\"@type\":\"ImageObject\",\"inLanguage\":\"es\",\"@id\":\"https:\\\/\\\/excavacionsraimon.com\\\/es\\\/#\\\/schema\\\/logo\\\/image\\\/\",\"url\":\"https:\\\/\\\/excavacionsraimon.com\\\/wp-content\\\/uploads\\\/2022\\\/01\\\/Excavacions-Raimon-logo.png\",\"contentUrl\":\"https:\\\/\\\/excavacionsraimon.com\\\/wp-content\\\/uploads\\\/2022\\\/01\\\/Excavacions-Raimon-logo.png\",\"width\":360,\"height\":153,\"caption\":\"Excavacions Raimon\"},\"image\":{\"@id\":\"https:\\\/\\\/excavacionsraimon.com\\\/es\\\/#\\\/schema\\\/logo\\\/image\\\/\"}}]}<\/script>\n<!-- \/ Yoast SEO plugin. -->","yoast_head_json":{"title":"\u00c1ridos para la construcci\u00f3n en Platja d'Aro | Excavacions Raimon","description":"\u00c1ridos para construcci\u00f3n, decoraci\u00f3n de jardines y terrazas al mejor precio. Grava, gravilla y arena de diferentes tama\u00f1os. \u00a1Cont\u00e1ctanos!","robots":{"index":"index","follow":"follow","max-snippet":"max-snippet:-1","max-image-preview":"max-image-preview:large","max-video-preview":"max-video-preview:-1"},"canonical":"https:\/\/excavacionsraimon.com\/es\/aridos-platja-daro\/","og_locale":"es_ES","og_type":"article","og_title":"\u00c1ridos para la construcci\u00f3n en Platja d'Aro | Excavacions Raimon","og_description":"\u00c1ridos para construcci\u00f3n, decoraci\u00f3n de jardines y terrazas al mejor precio. Grava, gravilla y arena de diferentes tama\u00f1os. \u00a1Cont\u00e1ctanos!","og_url":"https:\/\/excavacionsraimon.com\/es\/aridos-platja-daro\/","og_site_name":"Excavacions Raimon","article_modified_time":"2022-06-01T17:54:29+00:00","twitter_card":"summary_large_image","twitter_misc":{"Tiempo de lectura":"3 minutos"},"schema":{"@context":"https:\/\/schema.org","@graph":[{"@type":"WebPage","@id":"https:\/\/excavacionsraimon.com\/es\/aridos-platja-daro\/","url":"https:\/\/excavacionsraimon.com\/es\/aridos-platja-daro\/","name":"\u00c1ridos para la construcci\u00f3n en Platja d'Aro | Excavacions Raimon","isPartOf":{"@id":"https:\/\/excavacionsraimon.com\/es\/#website"},"datePublished":"2022-02-14T14:43:34+00:00","dateModified":"2022-06-01T17:54:29+00:00","description":"\u00c1ridos para construcci\u00f3n, decoraci\u00f3n de jardines y terrazas al mejor precio. Grava, gravilla y arena de diferentes tama\u00f1os. \u00a1Cont\u00e1ctanos!","breadcrumb":{"@id":"https:\/\/excavacionsraimon.com\/es\/aridos-platja-daro\/#breadcrumb"},"inLanguage":"es","potentialAction":[{"@type":"ReadAction","target":["https:\/\/excavacionsraimon.com\/es\/aridos-platja-daro\/"]}]},{"@type":"BreadcrumbList","@id":"https:\/\/excavacionsraimon.com\/es\/aridos-platja-daro\/#breadcrumb","itemListElement":[{"@type":"ListItem","position":1,"name":"Inici","item":"https:\/\/excavacionsraimon.com\/es\/"},{"@type":"ListItem","position":2,"name":"\u00c1ridos"}]},{"@type":"WebSite","@id":"https:\/\/excavacionsraimon.com\/es\/#website","url":"https:\/\/excavacionsraimon.com\/es\/","name":"Excavacions Raimon","description":"","publisher":{"@id":"https:\/\/excavacionsraimon.com\/es\/#organization"},"potentialAction":[{"@type":"SearchAction","target":{"@type":"EntryPoint","urlTemplate":"https:\/\/excavacionsraimon.com\/es\/?s={search_term_string}"},"query-input":{"@type":"PropertyValueSpecification","valueRequired":true,"valueName":"search_term_string"}}],"inLanguage":"es"},{"@type":"Organization","@id":"https:\/\/excavacionsraimon.com\/es\/#organization","name":"Excavacions Raimon","url":"https:\/\/excavacionsraimon.com\/es\/","logo":{"@type":"ImageObject","inLanguage":"es","@id":"https:\/\/excavacionsraimon.com\/es\/#\/schema\/logo\/image\/","url":"https:\/\/excavacionsraimon.com\/wp-content\/uploads\/2022\/01\/Excavacions-Raimon-logo.png","contentUrl":"https:\/\/excavacionsraimon.com\/wp-content\/uploads\/2022\/01\/Excavacions-Raimon-logo.png","width":360,"height":153,"caption":"Excavacions Raimon"},"image":{"@id":"https:\/\/excavacionsraimon.com\/es\/#\/schema\/logo\/image\/"}}]}},"_links":{"self":[{"href":"https:\/\/excavacionsraimon.com\/es\/wp-json\/wp\/v2\/pages\/956","targetHints":{"allow":["GET"]}}],"collection":[{"href":"https:\/\/excavacionsraimon.com\/es\/wp-json\/wp\/v2\/pages"}],"about":[{"href":"https:\/\/excavacionsraimon.com\/es\/wp-json\/wp\/v2\/types\/page"}],"author":[{"embeddable":true,"href":"https:\/\/excavacionsraimon.com\/es\/wp-json\/wp\/v2\/users\/1"}],"replies":[{"embeddable":true,"href":"https:\/\/excavacionsraimon.com\/es\/wp-json\/wp\/v2\/comments?post=956"}],"version-history":[{"count":0,"href":"https:\/\/excavacionsraimon.com\/es\/wp-json\/wp\/v2\/pages\/956\/revisions"}],"wp:attachment":[{"href":"https:\/\/excavacionsraimon.com\/es\/wp-json\/wp\/v2\/media?parent=956"}],"curies":[{"name":"wp","href":"https:\/\/api.w.org\/{rel}","templated":true}]}}