{"id":952,"date":"2022-02-14T11:49:48","date_gmt":"2022-02-14T11:49:48","guid":{"rendered":"https:\/\/excavacionsraimon.com\/excavacions-i-moviments-de-terra\/"},"modified":"2022-06-01T17:23:37","modified_gmt":"2022-06-01T17:23:37","slug":"excavaciones-y-movimientos-de-tierra-platja-daro","status":"publish","type":"page","link":"https:\/\/excavacionsraimon.com\/es\/excavaciones-y-movimientos-de-tierra-platja-daro\/","title":{"rendered":"Excavaciones y movimientos de tierra"},"content":{"rendered":"\n[et_pb_section fb_built=\u00bb1&#8243; _builder_version=\u00bb4.16&#8243; _module_preset=\u00bbdefault\u00bb background_image=\u00bbhttps:\/\/excavacionsraimon.com\/wp-content\/uploads\/2022\/02\/excavadora-scaled.jpg\u00bb parallax=\u00bbon\u00bb parallax_method=\u00bboff\u00bb custom_padding=\u00bb||149px|||\u00bb global_colors_info=\u00bb{}\u00bb][et_pb_row _builder_version=\u00bb4.16&#8243; _module_preset=\u00bbdefault\u00bb global_colors_info=\u00bb{}\u00bb][et_pb_column type=\u00bb4_4&#8243; _builder_version=\u00bb4.16&#8243; _module_preset=\u00bbdefault\u00bb global_colors_info=\u00bb{}\u00bb][et_pb_text _builder_version=\u00bb4.16&#8243; _module_preset=\u00bbdefault\u00bb text_font=\u00bb|700|||||||\u00bb text_text_color=\u00bb#d1651a\u00bb text_font_size=\u00bb24px\u00bb custom_margin=\u00bb||5px||false|false\u00bb global_colors_info=\u00bb{}\u00bb]<p>Excavacions Raimon<\/p>[\/et_pb_text][et_pb_text content_tablet=\u00bb<h1>Excavacions<\/h1>\n<h1>i moviments de terra<\/h1>\u00bb content_phone=\u00bb<h1>Excavacions<\/h1>\n<h1>i moviments de terra<\/h1>\u00bb content_last_edited=\u00bbon|phone\u00bb module_class=\u00bbh1_home\u00bb _builder_version=\u00bb4.17.4&#8243; _module_preset=\u00bbdefault\u00bb header_font=\u00bbWork Sans|800||on|||||\u00bb header_text_color=\u00bb#002d62&#8243; header_font_size=\u00bb33px\u00bb custom_margin=\u00bb||0px||false|false\u00bb header_font_size_tablet=\u00bb64px\u00bb header_font_size_phone=\u00bb38px\u00bb header_font_size_last_edited=\u00bbon|tablet\u00bb global_colors_info=\u00bb{}\u00bb]<h1>Excavaciones<\/h1>\n<h1>y movimientos de tierra<\/h1>[\/et_pb_text][\/et_pb_column][\/et_pb_row][\/et_pb_section][et_pb_section fb_built=\u00bb1&#8243; specialty=\u00bbon\u00bb module_class=\u00bbreverse_column\u00bb _builder_version=\u00bb4.16&#8243; _module_preset=\u00bbdefault\u00bb custom_padding=\u00bb||3px|||\u00bb global_colors_info=\u00bb{}\u00bb][et_pb_column type=\u00bb1_4&#8243; _builder_version=\u00bb4.16&#8243; custom_padding=\u00bb|||\u00bb global_colors_info=\u00bb{}\u00bb custom_padding__hover=\u00bb|||\u00bb][et_pb_sidebar area=\u00bbet_pb_widget_area_1&#8243; show_border=\u00bboff\u00bb _builder_version=\u00bb4.16&#8243; _module_preset=\u00bbdefault\u00bb custom_margin=\u00bb||||false|false\u00bb global_colors_info=\u00bb{}\u00bb][\/et_pb_sidebar][et_pb_text _builder_version=\u00bb4.17.4&#8243; _module_preset=\u00bbdefault\u00bb header_3_font=\u00bb|700|||||||\u00bb header_3_font_size=\u00bb28px\u00bb custom_margin=\u00bb||25px||false|false\u00bb global_colors_info=\u00bb{}\u00bb]<h3>Contacto<\/h3>[\/et_pb_text][et_pb_blurb use_icon=\u00bbon\u00bb font_icon=\u00bb&#xe081;||divi||400&#8243; icon_color=\u00bb#ef6f00&#8243; icon_placement=\u00bbleft\u00bb image_icon_width=\u00bb30px\u00bb _builder_version=\u00bb4.16&#8243; _module_preset=\u00bbdefault\u00bb body_font=\u00bb|600|||||||\u00bb body_text_color=\u00bb#000000&#8243; body_font_size=\u00bb16px\u00bb custom_margin=\u00bb||25px||false|false\u00bb custom_padding=\u00bb||25px||false|false\u00bb animation=\u00bboff\u00bb border_width_bottom=\u00bb1px\u00bb border_color_bottom=\u00bb#dbdbdb\u00bb icon_font_size=\u00bb30px\u00bb global_colors_info=\u00bb{}\u00bb]<p><span>Avinguda Castell d\u2019Aro, 101<\/span><br \/> <span> Platja d\u2019Aro, 17250 GIRONA<\/span><\/p>[\/et_pb_blurb][et_pb_blurb use_icon=\u00bbon\u00bb font_icon=\u00bb&#xe090;||divi||400&#8243; icon_color=\u00bb#ef6f00&#8243; icon_placement=\u00bbleft\u00bb image_icon_width=\u00bb26px\u00bb _builder_version=\u00bb4.16&#8243; _module_preset=\u00bbdefault\u00bb body_font=\u00bb|600|||||||\u00bb body_text_color=\u00bb#000000&#8243; body_font_size=\u00bb16px\u00bb custom_margin=\u00bb||25px||false|false\u00bb custom_padding=\u00bb||25px||false|false\u00bb animation=\u00bboff\u00bb border_width_bottom=\u00bb1px\u00bb border_color_bottom=\u00bb#dbdbdb\u00bb icon_font_size=\u00bb26px\u00bb global_colors_info=\u00bb{}\u00bb]<p>(+ 34) 972 819 674<\/p>[\/et_pb_blurb][et_pb_blurb use_icon=\u00bbon\u00bb font_icon=\u00bb&#xe076;||divi||400&#8243; icon_color=\u00bb#ef6f00&#8243; icon_placement=\u00bbleft\u00bb image_icon_width=\u00bb24px\u00bb _builder_version=\u00bb4.16&#8243; _module_preset=\u00bbdefault\u00bb body_font=\u00bb|600|||||||\u00bb body_text_color=\u00bb#000000&#8243; body_font_size=\u00bb15px\u00bb custom_padding=\u00bb||25px||false|false\u00bb animation=\u00bboff\u00bb icon_font_size=\u00bb24px\u00bb global_colors_info=\u00bb{}\u00bb]<p>info@excavacionsraimon.com<\/p>[\/et_pb_blurb][\/et_pb_column][et_pb_column type=\u00bb3_4&#8243; specialty_columns=\u00bb3&#8243; _builder_version=\u00bb4.16&#8243; custom_padding=\u00bb|||\u00bb global_colors_info=\u00bb{}\u00bb custom_padding__hover=\u00bb|||\u00bb][et_pb_row_inner _builder_version=\u00bb4.16&#8243; _module_preset=\u00bbdefault\u00bb custom_padding=\u00bb||107px|||\u00bb global_colors_info=\u00bb{}\u00bb][et_pb_column_inner saved_specialty_column_type=\u00bb3_4&#8243; _builder_version=\u00bb4.16&#8243; _module_preset=\u00bbdefault\u00bb global_colors_info=\u00bb{}\u00bb][et_pb_text _builder_version=\u00bb4.17.4&#8243; _module_preset=\u00bbdefault\u00bb header_2_font=\u00bb|700|||||||\u00bb header_2_font_size=\u00bb46px\u00bb custom_margin=\u00bb||0px||false|false\u00bb header_2_font_size_tablet=\u00bb\u00bb header_2_font_size_phone=\u00bb34px\u00bb header_2_font_size_last_edited=\u00bbon|phone\u00bb global_colors_info=\u00bb{}\u00bb]<h2>Excavaciones y movimientos de tierra<\/h2>[\/et_pb_text][et_pb_divider color=\u00bb#d1651a\u00bb divider_position=\u00bbcenter\u00bb divider_weight=\u00bb8px\u00bb _builder_version=\u00bb4.16&#8243; _module_preset=\u00bbdefault\u00bb width=\u00bb8%\u00bb custom_margin=\u00bb20px||35px||false|false\u00bb custom_margin_tablet=\u00bb\u00bb custom_margin_phone=\u00bb20px||35px|0px|false|false\u00bb custom_margin_last_edited=\u00bbon|phone\u00bb global_colors_info=\u00bb{}\u00bb][\/et_pb_divider][et_pb_text _builder_version=\u00bb4.17.4&#8243; _module_preset=\u00bbdefault\u00bb text_line_height=\u00bb1.8em\u00bb hover_enabled=\u00bb0&#8243; text_font_size_tablet=\u00bb\u00bb text_font_size_phone=\u00bb16px\u00bb text_font_size_last_edited=\u00bbon|phone\u00bb global_colors_info=\u00bb{}\u00bb sticky_enabled=\u00bb0&#8243;]<p>Antes de realizar cualquier tipo de obra de gran envergadura, son esenciales los trabajos de movimientos de tierra y excavaciones, que se realizan previamente. Esta preparaci\u00f3n de la superficie comportar\u00e1 que la ejecuci\u00f3n de la obra se lleve a cabo con amplias garant\u00edas.<\/p>\n<p>Es muy habitual observar este procedimiento en los proyectos de cimentaci\u00f3n, explanaci\u00f3n de terrenos y obra civil. Contamos con la maquinaria apropiada para realizar <a href=\"https:\/\/excavacionsraimon.com\">excavaciones en el Alt Empord\u00e0<\/a> a cualquier escala con un equipo de profesionales altamente cualificados y con un alto grado de experiencia en el sector de la construcci\u00f3n. Ellos ser\u00e1n los encargados de realizar el acondicionamiento de la superficie del terreno.<\/p>\n<p>Estas operaciones de acondicionamiento se tratan, principalmente, de vaciar la zona, deshaci\u00e9ndonos de malas hierbas, arbustos y malas hierbas en general. Cuando tenemos el terreno totalmente claro, procedemos al replanteo y excavaciones.<\/p>\n<p>Mediante el uso de nuestras excavadoras conseguimos llegar al plano de arranque de la edificaci\u00f3n.<\/p>\n<p>Realizamos trabajos de desmonte, vaciados o terraplenado. Todo var\u00eda en funci\u00f3n de d\u00f3nde se encuentre la rasante.Las caracter\u00edsticas del terreno influyen irremediablemente en la eficiencia del trabajo de nuestras m\u00e1quinas. Por eso, hacemos un an\u00e1lisis previo y decidimos cu\u00e1l es la mejor manera de abordar la obra.<\/p>[\/et_pb_text][\/et_pb_column_inner][\/et_pb_row_inner][\/et_pb_column][\/et_pb_section][et_pb_section fb_built=\u00bb1&#8243; _builder_version=\u00bb4.16&#8243; _module_preset=\u00bbdefault\u00bb use_background_color_gradient=\u00bbon\u00bb background_color_gradient_stops=\u00bbrgba(0,46,98,0.94) 0%|rgba(0,46,98,0.94) 100%\u00bb background_color_gradient_overlays_image=\u00bbon\u00bb background_color_gradient_start=\u00bbrgba(0,46,98,0.94)\u00bb background_color_gradient_end=\u00bbrgba(0,46,98,0.94)\u00bb background_image=\u00bbhttps:\/\/excavacionsraimon.com\/wp-content\/uploads\/2022\/02\/excavadora.png\u00bb custom_margin=\u00bb-7px||-7px||true|false\u00bb custom_padding=\u00bb10px||2px||false|false\u00bb global_colors_info=\u00bb{}\u00bb][et_pb_row _builder_version=\u00bb4.16&#8243; _module_preset=\u00bbdefault\u00bb custom_padding=\u00bb68px||68px||true|false\u00bb global_colors_info=\u00bb{}\u00bb][et_pb_column type=\u00bb4_4&#8243; _builder_version=\u00bb4.16&#8243; _module_preset=\u00bbdefault\u00bb global_colors_info=\u00bb{}\u00bb][et_pb_text _builder_version=\u00bb4.17.4&#8243; _module_preset=\u00bbdefault\u00bb text_font=\u00bbABeeZee|700|||||||\u00bb text_text_color=\u00bb#ffffff\u00bb text_font_size=\u00bb33px\u00bb text_orientation=\u00bbcenter\u00bb text_font_size_tablet=\u00bb\u00bb text_font_size_phone=\u00bb28px\u00bb text_font_size_last_edited=\u00bbon|phone\u00bb text_line_height_tablet=\u00bb1.1em\u00bb text_line_height_phone=\u00bb\u00bb text_line_height_last_edited=\u00bbon|tablet\u00bb global_colors_info=\u00bb{}\u00bb]<p>Aprovecha nuestros precios para hacer tu siguiente excavaci\u00f3n<\/p>[\/et_pb_text][et_pb_button button_url=\u00bbhttps:\/\/excavacionsraimon.com\/es\/contacto\/\u00bb button_text=\u00bbCons\u00faltanos\u00bb button_alignment=\u00bbcenter\u00bb _builder_version=\u00bb4.17.4&#8243; _module_preset=\u00bbdefault\u00bb custom_button=\u00bbon\u00bb button_text_size=\u00bb18px\u00bb button_text_color=\u00bb#ffffff\u00bb button_bg_color=\u00bb#90592a\u00bb button_bg_color_gradient_direction=\u00bb90deg\u00bb button_border_width=\u00bb0px\u00bb button_font=\u00bb|700||on|||||\u00bb button_use_icon=\u00bboff\u00bb button_text_size_tablet=\u00bb\u00bb button_text_size_phone=\u00bb16px\u00bb button_text_size_last_edited=\u00bbon|phone\u00bb global_colors_info=\u00bb{}\u00bb button_bg_color__hover_enabled=\u00bbon|hover\u00bb button_bg_color__hover=\u00bb#90592a\u00bb button_bg_enable_color__hover=\u00bbon\u00bb][\/et_pb_button][\/et_pb_column][\/et_pb_row][\/et_pb_section]\n","protected":false},"excerpt":{"rendered":"<p>Excavacions RaimonExcavaciones y movimientos de tierraContactoAvinguda Castell d\u2019Aro, 101 Platja d\u2019Aro, 17250 GIRONA(+ 34) 972 819 674info@excavacionsraimon.comExcavaciones y movimientos de tierraAntes de realizar cualquier tipo de obra de gran envergadura, son esenciales los trabajos de movimientos de tierra y excavaciones, que se realizan previamente. Esta preparaci\u00f3n de la superficie comportar\u00e1 que la ejecuci\u00f3n de la [&hellip;]<\/p>\n","protected":false},"author":1,"featured_media":0,"parent":0,"menu_order":0,"comment_status":"closed","ping_status":"closed","template":"","meta":{"_et_pb_use_builder":"on","_et_pb_old_content":"","_et_gb_content_width":"","footnotes":""},"class_list":["post-952","page","type-page","status-publish","hentry"],"yoast_head":"<!-- This site is optimized with the Yoast SEO plugin v27.4 - https:\/\/yoast.com\/product\/yoast-seo-wordpress\/ -->\n<title>Excavaciones y movimientos de tierra | Excavacions Raimon<\/title>\n<meta name=\"description\" content=\"Maquinaria avanzada para llevar a cabo cualquier tipo de proyecto de obras. Excavaciones y movimientos de tierra en Girona.\" \/>\n<meta name=\"robots\" content=\"index, follow, max-snippet:-1, max-image-preview:large, max-video-preview:-1\" \/>\n<link rel=\"canonical\" href=\"https:\/\/excavacionsraimon.com\/es\/excavaciones-y-movimientos-de-tierra-platja-daro\/\" \/>\n<meta property=\"og:locale\" content=\"es_ES\" \/>\n<meta property=\"og:type\" content=\"article\" \/>\n<meta property=\"og:title\" content=\"Excavaciones y movimientos de tierra | Excavacions Raimon\" \/>\n<meta property=\"og:description\" content=\"Maquinaria avanzada para llevar a cabo cualquier tipo de proyecto de obras. Excavaciones y movimientos de tierra en Girona.\" \/>\n<meta property=\"og:url\" content=\"https:\/\/excavacionsraimon.com\/es\/excavaciones-y-movimientos-de-tierra-platja-daro\/\" \/>\n<meta property=\"og:site_name\" content=\"Excavacions Raimon\" \/>\n<meta property=\"article:modified_time\" content=\"2022-06-01T17:23:37+00:00\" \/>\n<meta name=\"twitter:card\" content=\"summary_large_image\" \/>\n<meta name=\"twitter:label1\" content=\"Tiempo de lectura\" \/>\n\t<meta name=\"twitter:data1\" content=\"3 minutos\" \/>\n<script type=\"application\/ld+json\" class=\"yoast-schema-graph\">{\"@context\":\"https:\\\/\\\/schema.org\",\"@graph\":[{\"@type\":\"WebPage\",\"@id\":\"https:\\\/\\\/excavacionsraimon.com\\\/es\\\/excavaciones-y-movimientos-de-tierra-platja-daro\\\/\",\"url\":\"https:\\\/\\\/excavacionsraimon.com\\\/es\\\/excavaciones-y-movimientos-de-tierra-platja-daro\\\/\",\"name\":\"Excavaciones y movimientos de tierra | Excavacions Raimon\",\"isPartOf\":{\"@id\":\"https:\\\/\\\/excavacionsraimon.com\\\/es\\\/#website\"},\"datePublished\":\"2022-02-14T11:49:48+00:00\",\"dateModified\":\"2022-06-01T17:23:37+00:00\",\"description\":\"Maquinaria avanzada para llevar a cabo cualquier tipo de proyecto de obras. Excavaciones y movimientos de tierra en Girona.\",\"breadcrumb\":{\"@id\":\"https:\\\/\\\/excavacionsraimon.com\\\/es\\\/excavaciones-y-movimientos-de-tierra-platja-daro\\\/#breadcrumb\"},\"inLanguage\":\"es\",\"potentialAction\":[{\"@type\":\"ReadAction\",\"target\":[\"https:\\\/\\\/excavacionsraimon.com\\\/es\\\/excavaciones-y-movimientos-de-tierra-platja-daro\\\/\"]}]},{\"@type\":\"BreadcrumbList\",\"@id\":\"https:\\\/\\\/excavacionsraimon.com\\\/es\\\/excavaciones-y-movimientos-de-tierra-platja-daro\\\/#breadcrumb\",\"itemListElement\":[{\"@type\":\"ListItem\",\"position\":1,\"name\":\"Inici\",\"item\":\"https:\\\/\\\/excavacionsraimon.com\\\/es\\\/\"},{\"@type\":\"ListItem\",\"position\":2,\"name\":\"Excavaciones y movimientos de tierra\"}]},{\"@type\":\"WebSite\",\"@id\":\"https:\\\/\\\/excavacionsraimon.com\\\/es\\\/#website\",\"url\":\"https:\\\/\\\/excavacionsraimon.com\\\/es\\\/\",\"name\":\"Excavacions Raimon\",\"description\":\"\",\"publisher\":{\"@id\":\"https:\\\/\\\/excavacionsraimon.com\\\/es\\\/#organization\"},\"potentialAction\":[{\"@type\":\"SearchAction\",\"target\":{\"@type\":\"EntryPoint\",\"urlTemplate\":\"https:\\\/\\\/excavacionsraimon.com\\\/es\\\/?s={search_term_string}\"},\"query-input\":{\"@type\":\"PropertyValueSpecification\",\"valueRequired\":true,\"valueName\":\"search_term_string\"}}],\"inLanguage\":\"es\"},{\"@type\":\"Organization\",\"@id\":\"https:\\\/\\\/excavacionsraimon.com\\\/es\\\/#organization\",\"name\":\"Excavacions Raimon\",\"url\":\"https:\\\/\\\/excavacionsraimon.com\\\/es\\\/\",\"logo\":{\"@type\":\"ImageObject\",\"inLanguage\":\"es\",\"@id\":\"https:\\\/\\\/excavacionsraimon.com\\\/es\\\/#\\\/schema\\\/logo\\\/image\\\/\",\"url\":\"https:\\\/\\\/excavacionsraimon.com\\\/wp-content\\\/uploads\\\/2022\\\/01\\\/Excavacions-Raimon-logo.png\",\"contentUrl\":\"https:\\\/\\\/excavacionsraimon.com\\\/wp-content\\\/uploads\\\/2022\\\/01\\\/Excavacions-Raimon-logo.png\",\"width\":360,\"height\":153,\"caption\":\"Excavacions Raimon\"},\"image\":{\"@id\":\"https:\\\/\\\/excavacionsraimon.com\\\/es\\\/#\\\/schema\\\/logo\\\/image\\\/\"}}]}<\/script>\n<!-- \/ Yoast SEO plugin. -->","yoast_head_json":{"title":"Excavaciones y movimientos de tierra | Excavacions Raimon","description":"Maquinaria avanzada para llevar a cabo cualquier tipo de proyecto de obras. Excavaciones y movimientos de tierra en Girona.","robots":{"index":"index","follow":"follow","max-snippet":"max-snippet:-1","max-image-preview":"max-image-preview:large","max-video-preview":"max-video-preview:-1"},"canonical":"https:\/\/excavacionsraimon.com\/es\/excavaciones-y-movimientos-de-tierra-platja-daro\/","og_locale":"es_ES","og_type":"article","og_title":"Excavaciones y movimientos de tierra | Excavacions Raimon","og_description":"Maquinaria avanzada para llevar a cabo cualquier tipo de proyecto de obras. Excavaciones y movimientos de tierra en Girona.","og_url":"https:\/\/excavacionsraimon.com\/es\/excavaciones-y-movimientos-de-tierra-platja-daro\/","og_site_name":"Excavacions Raimon","article_modified_time":"2022-06-01T17:23:37+00:00","twitter_card":"summary_large_image","twitter_misc":{"Tiempo de lectura":"3 minutos"},"schema":{"@context":"https:\/\/schema.org","@graph":[{"@type":"WebPage","@id":"https:\/\/excavacionsraimon.com\/es\/excavaciones-y-movimientos-de-tierra-platja-daro\/","url":"https:\/\/excavacionsraimon.com\/es\/excavaciones-y-movimientos-de-tierra-platja-daro\/","name":"Excavaciones y movimientos de tierra | Excavacions Raimon","isPartOf":{"@id":"https:\/\/excavacionsraimon.com\/es\/#website"},"datePublished":"2022-02-14T11:49:48+00:00","dateModified":"2022-06-01T17:23:37+00:00","description":"Maquinaria avanzada para llevar a cabo cualquier tipo de proyecto de obras. Excavaciones y movimientos de tierra en Girona.","breadcrumb":{"@id":"https:\/\/excavacionsraimon.com\/es\/excavaciones-y-movimientos-de-tierra-platja-daro\/#breadcrumb"},"inLanguage":"es","potentialAction":[{"@type":"ReadAction","target":["https:\/\/excavacionsraimon.com\/es\/excavaciones-y-movimientos-de-tierra-platja-daro\/"]}]},{"@type":"BreadcrumbList","@id":"https:\/\/excavacionsraimon.com\/es\/excavaciones-y-movimientos-de-tierra-platja-daro\/#breadcrumb","itemListElement":[{"@type":"ListItem","position":1,"name":"Inici","item":"https:\/\/excavacionsraimon.com\/es\/"},{"@type":"ListItem","position":2,"name":"Excavaciones y movimientos de tierra"}]},{"@type":"WebSite","@id":"https:\/\/excavacionsraimon.com\/es\/#website","url":"https:\/\/excavacionsraimon.com\/es\/","name":"Excavacions Raimon","description":"","publisher":{"@id":"https:\/\/excavacionsraimon.com\/es\/#organization"},"potentialAction":[{"@type":"SearchAction","target":{"@type":"EntryPoint","urlTemplate":"https:\/\/excavacionsraimon.com\/es\/?s={search_term_string}"},"query-input":{"@type":"PropertyValueSpecification","valueRequired":true,"valueName":"search_term_string"}}],"inLanguage":"es"},{"@type":"Organization","@id":"https:\/\/excavacionsraimon.com\/es\/#organization","name":"Excavacions Raimon","url":"https:\/\/excavacionsraimon.com\/es\/","logo":{"@type":"ImageObject","inLanguage":"es","@id":"https:\/\/excavacionsraimon.com\/es\/#\/schema\/logo\/image\/","url":"https:\/\/excavacionsraimon.com\/wp-content\/uploads\/2022\/01\/Excavacions-Raimon-logo.png","contentUrl":"https:\/\/excavacionsraimon.com\/wp-content\/uploads\/2022\/01\/Excavacions-Raimon-logo.png","width":360,"height":153,"caption":"Excavacions Raimon"},"image":{"@id":"https:\/\/excavacionsraimon.com\/es\/#\/schema\/logo\/image\/"}}]}},"_links":{"self":[{"href":"https:\/\/excavacionsraimon.com\/es\/wp-json\/wp\/v2\/pages\/952","targetHints":{"allow":["GET"]}}],"collection":[{"href":"https:\/\/excavacionsraimon.com\/es\/wp-json\/wp\/v2\/pages"}],"about":[{"href":"https:\/\/excavacionsraimon.com\/es\/wp-json\/wp\/v2\/types\/page"}],"author":[{"embeddable":true,"href":"https:\/\/excavacionsraimon.com\/es\/wp-json\/wp\/v2\/users\/1"}],"replies":[{"embeddable":true,"href":"https:\/\/excavacionsraimon.com\/es\/wp-json\/wp\/v2\/comments?post=952"}],"version-history":[{"count":0,"href":"https:\/\/excavacionsraimon.com\/es\/wp-json\/wp\/v2\/pages\/952\/revisions"}],"wp:attachment":[{"href":"https:\/\/excavacionsraimon.com\/es\/wp-json\/wp\/v2\/media?parent=952"}],"curies":[{"name":"wp","href":"https:\/\/api.w.org\/{rel}","templated":true}]}}